{"id":1939,"date":"2025-12-15T10:32:18","date_gmt":"2025-12-15T10:32:18","guid":{"rendered":"https:\/\/alass.lu\/?page_id=1939"},"modified":"2025-12-15T10:37:11","modified_gmt":"2025-12-15T10:37:11","slug":"declaration-sur-laccessibilite","status":"publish","type":"page","link":"https:\/\/alass.lu\/fr\/declaration-sur-laccessibilite\/","title":{"rendered":"D\u00e9claration sur l&#8217;accessibilit\u00e9"},"content":{"rendered":"<div lang=\"fr\">\n<h2>D\u00e9claration sur l&#8217;accessibilit\u00e9<\/h2>\n<p>L&#8217;organisme d\u00e9clarant <span class=\"basic-information organization-name\">&#8220;Zentrum fir politesch Bildung&#8221;<\/span> s&#8217;engage \u00e0 rendre son site internet accessible, conform\u00e9ment \u00e0 la <a href=\"https:\/\/legilux.public.lu\/eli\/etat\/leg\/loi\/2019\/05\/28\/a373\/jo\">loi du 28 mai 2019<\/a> relative \u00e0 l\u2019accessibilit\u00e9 des sites internet et des applications mobiles des organismes du secteur public.<br \/>\nLa pr\u00e9sente d\u00e9claration sur l&#8217;accessibilit\u00e9 s&#8217;applique \u00e0 :<\/p>\n<p><span class=\"basic-information website-name\"><a href=\"https:\/\/alass.lu\/\">https:\/\/alass.lu\/<\/a><\/span><\/p>\n<h3>Qu\u2019est-ce que l\u2019accessibilit\u00e9 num\u00e9rique ?<\/h3>\n<p>Chacun doit pouvoir utiliser et consulter facilement les informations figurant sur un site web ou une application notamment les personnes pr\u00e9sentant un handicap et\/ou utilisant des logiciels d\u2019assistance ou du mat\u00e9riel sp\u00e9cialis\u00e9 (ex : handicaps visuels, auditifs, physiques, cognitifs, etc.).<\/p>\n<h3>\u00c9tat de conformit\u00e9<\/h3>\n<p>Le pr\u00e9sent site internet est en <strong>conformit\u00e9 partielle<\/strong> \u00e0 la norme europ\u00e9enne <a href=\"https:\/\/www.etsi.org\/deliver\/etsi_en\/301500_301599\/301549\/03.02.01_60\/en_301549v030201p.pdf\">EN 301 549<\/a> ainsi qu&#8217;au <a href=\"https:\/\/accessibilite.public.lu\/fr\/raweb1\/\">R\u00e9f\u00e9rentiel d&#8217;\u00e9valuation de l&#8217;Accessibilit\u00e9 Web (RAWeb) v1 <\/a>qui l\u2019impl\u00e9mente, en raison des \u00e9l\u00e9ments \u00e9num\u00e9r\u00e9s ci-dessous.<\/p>\n<h3>Contenu non accessible<\/h3>\n<p>Le contenu vis\u00e9 ci-apr\u00e8s n&#8217;est pas accessible pour la\/les raison(s) suivante(s)\u00a0:<\/p>\n<h4>Non-conformit\u00e9s<\/h4>\n<ul>\n<li class=\"technical-information accessibility-limitations non-compliant\">Certaines images pr\u00e9sentes dans des fen\u00eatres modales ou des contenus dynamiques ne disposent pas encore d\u2019alternatives textuelles pertinentes (attributs alt).<\/li>\n<li class=\"technical-information accessibility-limitations non-compliant\">Certaines images de type sch\u00e9mas ou illustrations informatives ne disposent pas de descriptions d\u00e9taill\u00e9es permettant une compr\u00e9hension compl\u00e8te par les technologies d\u2019assistance.<\/li>\n<li class=\"technical-information accessibility-limitations non-compliant\">Lorsque JavaScript est d\u00e9sactiv\u00e9, certains contenus interactifs (fen\u00eatres modales et accord\u00e9ons) ne sont pas accessibles ou lisibles, ce qui emp\u00eache l\u2019acc\u00e8s \u00e0 l\u2019information correspondante.<\/li>\n<li class=\"technical-information accessibility-limitations non-compliant\">Lorsque les feuilles de style sont d\u00e9sactiv\u00e9es, certaines informations restent pr\u00e9sentes mais leur compr\u00e9hension est alt\u00e9r\u00e9e, notamment lorsque des actions (comme l\u2019ouverture de fen\u00eatres modales) reposent uniquement sur une pr\u00e9sentation visuelle.<\/li>\n<li class=\"technical-information accessibility-limitations non-compliant\">Le site ne propose pas de lien direct vers la page du plan du site (sitemap), ce qui limite l\u2019acc\u00e8s \u00e0 cette fonctionnalit\u00e9 par un chemin de navigation coh\u00e9rent.<\/li>\n<li class=\"technical-information accessibility-limitations non-compliant\">Les principales r\u00e9gions de contenu (en-t\u00eate, navigation, contenu principal, pied de page) ne disposent pas de r\u00f4les de rep\u00e9rage (landmarks) permettant de les atteindre ou de les \u00e9viter facilement via les technologies d\u2019assistance.<\/li>\n<li class=\"technical-information accessibility-limitations non-compliant\">Aucun lien d\u2019\u00e9vitement (lien \u00ab Aller au contenu principal \u00bb) n\u2019est pr\u00e9sent pour permettre aux utilisateurs de contourner les blocs de navigation r\u00e9p\u00e9t\u00e9s.<\/li>\n<li class=\"technical-information accessibility-limitations non-compliant\">Le carrousel pr\u00e9sent sur certaines pages se lance automatiquement et ne propose pas de m\u00e9canisme permettant \u00e0 l\u2019utilisateur de mettre l\u2019animation en pause ou de contr\u00f4ler le temps de d\u00e9filement.<\/li>\n<li class=\"technical-information accessibility-limitations non-compliant\">Aucune documentation sp\u00e9cifique ne d\u00e9crit actuellement les fonctionnalit\u00e9s d\u2019accessibilit\u00e9 du site ni sa compatibilit\u00e9 avec les technologies d\u2019assistance.<\/li>\n<li class=\"technical-information accessibility-limitations non-compliant\">L\u2019outil d\u2019\u00e9dition de contenu (WordPress) ne fournit pas de recommandations int\u00e9gr\u00e9es permettant d\u2019aider les contributeurs \u00e0 produire des contenus conformes aux r\u00e8gles d\u2019accessibilit\u00e9 num\u00e9rique.<\/li>\n<li class=\"technical-information accessibility-limitations non-compliant\">L\u2019outil d\u2019\u00e9dition ne propose pas de suggestions automatiques pour corriger les erreurs d\u2019accessibilit\u00e9 d\u00e9tect\u00e9es lors de tests automatiques ou semi-automatiques.<\/li>\n<li class=\"technical-information accessibility-limitations non-compliant\">Le site ne dispose pas d\u2019un service d\u2019assistance d\u00e9di\u00e9 \u00e0 l\u2019accessibilit\u00e9. Les moyens de contact disponibles (t\u00e9l\u00e9phone et courrier \u00e9lectronique dans l\u2019Impressum) ne couvrent pas l\u2019ensemble des besoins de communication des personnes en situation de handicap.<\/li>\n<\/ul>\n<h3>Fonctionnalit\u00e9s d&#8217;accessibilit\u00e9<\/h3>\n<p class=\"technical-information accessibility-features\">Le site est con\u00e7u pour \u00eatre accessible conform\u00e9ment aux r\u00e8gles d\u2019accessibilit\u00e9 num\u00e9rique.<br \/>\nIl peut \u00eatre consult\u00e9 \u00e0 l\u2019aide des technologies d\u2019assistance (lecteurs d\u2019\u00e9cran, navigation au clavier).<br \/>\nLa structure des pages repose sur une hi\u00e9rarchie de titres coh\u00e9rente et une s\u00e9mantique HTML appropri\u00e9e.<br \/>\nLes contenus textuels restent lisibles lors de l\u2019agrandissement du texte et sur diff\u00e9rents formats d\u2019\u00e9cran.<br \/>\nLes liens et \u00e9l\u00e9ments interactifs sont utilisables au clavier et disposent d\u2019un intitul\u00e9 accessible.<br \/>\nLes images porteuses d\u2019information disposent d\u2019une alternative textuelle.<br \/>\nAucune fonctionnalit\u00e9 sp\u00e9cifique d\u2019accessibilit\u00e9 (comme le changement de th\u00e8me ou l\u2019augmentation d\u00e9di\u00e9e de la taille du texte) n\u2019est propos\u00e9e. L\u2019accessibilit\u00e9 repose sur la conception et le respect des bonnes pratiques du Web.<\/p>\n<h3>Pr\u00e9paration de la pr\u00e9sente d\u00e9claration sur l&#8217;accessibilit\u00e9<\/h3>\n<p>La pr\u00e9sente d\u00e9claration a \u00e9t\u00e9 pr\u00e9par\u00e9e le <span class=\"basic-information statement-created-date\">15 d\u00e9cembre 2025<\/span>.<br \/>\nLes mentions figurant dans cette d\u00e9claration sont exactes et fond\u00e9es sur une \u00e9valuation effective de la conformit\u00e9 du pr\u00e9sent site internet avec les exigences fix\u00e9es dans le <a href=\"https:\/\/accessibilite.public.lu\/fr\/raweb1\/\">RAWeb 1 <\/a>, telle qu&#8217;une \u00e9valuation r\u00e9alis\u00e9e par un tiers\u00a0: 101.<\/p>\n<h3>Retour d&#8217;information et coordonn\u00e9es de contact<\/h3>\n<p class=\"basic-information feedback h-card\">Si vous constatez un d\u00e9faut d\u2019accessibilit\u00e9, envoyez-nous un courriel \u00e0 <a class=\"email u-email\" href=\"mailto:info@zpb.lu\">info@zpb.lu<\/a> : d\u00e9crivez votre probl\u00e8me et indiquez-nous la page concern\u00e9e. Nous nous engageons \u00e0 vous r\u00e9pondre par courriel dans un d\u00e9lai d&#8217;un mois au plus tard. Pour rem\u00e9dier au probl\u00e8me de mani\u00e8re durable et dans la mesure du raisonnable, la correction en ligne du d\u00e9faut d\u2019accessibilit\u00e9 sera privil\u00e9gi\u00e9e. Si cela ne peut \u00eatre fait, l\u2019information souhait\u00e9e vous sera transmise dans un format accessible selon vos souhaits :<\/p>\n<ul>\n<li>par \u00e9crit dans un document ou courriel ;<\/li>\n<li>\u00e0 l\u2019oral lors d&#8217;un entretien ou par t\u00e9l\u00e9phone.<\/li>\n<\/ul>\n<h3>Proc\u00e9dure permettant d&#8217;assurer le respect des dispositions<\/h3>\n<p>En cas de r\u00e9ponse non satisfaisante, vous avez \u00e9galement la possibilit\u00e9 d\u2019en informer le <a href=\"https:\/\/sip.gouvernement.lu\">Service information et presse<\/a>, organisme responsable du contr\u00f4le de l\u2019accessibilit\u00e9, via son <a href=\"https:\/\/sip.gouvernement.lu\/fr\/support\/reclamation-accessibilite.html\">formulaire de r\u00e9clamation en ligne<\/a>, ou <a href=\"https:\/\/www.ombudsman.lu\">l\u2019Ombudsman<\/a>, m\u00e9diateur du Grand-Duch\u00e9 de Luxembourg.<\/p>\n<hr \/>\n<p><small>La pr\u00e9sente d\u00e9claration se base sur le mod\u00e8le d\u00e9fini par la <a href=\"https:\/\/eur-lex.europa.eu\/legal-content\/FR\/TXT\/?uri=CELEX%3A32018D1523\" hreflang=\"en\">d\u00e9cision d&#8217;ex\u00e9cution (UE) 2018\/1523<\/a>. Ce mod\u00e8le appartient \u00e0 l\u2019Union europ\u00e9enne et est publi\u00e9 sous licence <a lang=\"en\" href=\"https:\/\/creativecommons.org\/licenses\/by\/4.0\/\" hreflang=\"en\">Creative Commons Attribution 4.0 International<\/a>.<\/small><\/p>\n<\/div>\n","protected":false},"excerpt":{"rendered":"<p>D\u00e9claration sur l&#8217;accessibilit\u00e9 L&#8217;organisme d\u00e9clarant &#8220;Zentrum fir politesch Bildung&#8221; s&#8217;engage \u00e0 rendre son site internet accessible, conform\u00e9ment \u00e0 la loi du 28 mai 2019 relative \u00e0 l\u2019accessibilit\u00e9 des sites internet et des applications mobiles des organismes du secteur public. La pr\u00e9sente d\u00e9claration sur l&#8217;accessibilit\u00e9 s&#8217;applique \u00e0 : https:\/\/alass.lu\/ Qu\u2019est-ce que l\u2019accessibilit\u00e9 num\u00e9rique ? Chacun doit [&hellip;]<\/p>\n","protected":false},"author":1,"featured_media":0,"parent":0,"menu_order":0,"comment_status":"closed","ping_status":"closed","template":"","meta":{"footnotes":""},"class_list":["post-1939","page","type-page","status-publish","hentry"],"acf":[],"yoast_head":"<!-- This site is optimized with the Yoast SEO plugin v26.1.1 - https:\/\/yoast.com\/wordpress\/plugins\/seo\/ -->\n<title>D\u00e9claration sur l&#039;accessibilit\u00e9 - A lass<\/title>\n<meta name=\"robots\" content=\"index, follow, max-snippet:-1, max-image-preview:large, max-video-preview:-1\" \/>\n<link rel=\"canonical\" href=\"https:\/\/alass.lu\/fr\/declaration-sur-laccessibilite\/\" \/>\n<meta property=\"og:locale\" content=\"fr_FR\" \/>\n<meta property=\"og:type\" content=\"article\" \/>\n<meta property=\"og:title\" content=\"D\u00e9claration sur l&#039;accessibilit\u00e9 - A lass\" \/>\n<meta property=\"og:description\" content=\"D\u00e9claration sur l&#8217;accessibilit\u00e9 L&#8217;organisme d\u00e9clarant &#8220;Zentrum fir politesch Bildung&#8221; s&#8217;engage \u00e0 rendre son site internet accessible, conform\u00e9ment \u00e0 la loi du 28 mai 2019 relative \u00e0 l\u2019accessibilit\u00e9 des sites internet et des applications mobiles des organismes du secteur public. La pr\u00e9sente d\u00e9claration sur l&#8217;accessibilit\u00e9 s&#8217;applique \u00e0 : https:\/\/alass.lu\/ Qu\u2019est-ce que l\u2019accessibilit\u00e9 num\u00e9rique ? Chacun doit [&hellip;]\" \/>\n<meta property=\"og:url\" content=\"https:\/\/alass.lu\/fr\/declaration-sur-laccessibilite\/\" \/>\n<meta property=\"og:site_name\" content=\"A lass\" \/>\n<meta property=\"article:modified_time\" content=\"2025-12-15T10:37:11+00:00\" \/>\n<meta name=\"twitter:card\" content=\"summary_large_image\" \/>\n<meta name=\"twitter:label1\" content=\"Est. reading time\" \/>\n\t<meta name=\"twitter:data1\" content=\"4 minutes\" \/>\n<script type=\"application\/ld+json\" class=\"yoast-schema-graph\">{\"@context\":\"https:\/\/schema.org\",\"@graph\":[{\"@type\":\"WebPage\",\"@id\":\"https:\/\/alass.lu\/fr\/declaration-sur-laccessibilite\/\",\"url\":\"https:\/\/alass.lu\/fr\/declaration-sur-laccessibilite\/\",\"name\":\"D\u00e9claration sur l'accessibilit\u00e9 - A lass\",\"isPartOf\":{\"@id\":\"https:\/\/alass.lu\/#website\"},\"datePublished\":\"2025-12-15T10:32:18+00:00\",\"dateModified\":\"2025-12-15T10:37:11+00:00\",\"breadcrumb\":{\"@id\":\"https:\/\/alass.lu\/fr\/declaration-sur-laccessibilite\/#breadcrumb\"},\"inLanguage\":\"fr-FR\",\"potentialAction\":[{\"@type\":\"ReadAction\",\"target\":[\"https:\/\/alass.lu\/fr\/declaration-sur-laccessibilite\/\"]}]},{\"@type\":\"BreadcrumbList\",\"@id\":\"https:\/\/alass.lu\/fr\/declaration-sur-laccessibilite\/#breadcrumb\",\"itemListElement\":[{\"@type\":\"ListItem\",\"position\":1,\"name\":\"Home\",\"item\":\"https:\/\/alass.lu\/fr\/\"},{\"@type\":\"ListItem\",\"position\":2,\"name\":\"D\u00e9claration sur l&#8217;accessibilit\u00e9\"}]},{\"@type\":\"WebSite\",\"@id\":\"https:\/\/alass.lu\/#website\",\"url\":\"https:\/\/alass.lu\/\",\"name\":\"A lass\",\"description\":\"Kinder- und Jugendpartizipation in der Gemeinde\",\"publisher\":{\"@id\":\"https:\/\/alass.lu\/#organization\"},\"potentialAction\":[{\"@type\":\"SearchAction\",\"target\":{\"@type\":\"EntryPoint\",\"urlTemplate\":\"https:\/\/alass.lu\/?s={search_term_string}\"},\"query-input\":{\"@type\":\"PropertyValueSpecification\",\"valueRequired\":true,\"valueName\":\"search_term_string\"}}],\"inLanguage\":\"fr-FR\"},{\"@type\":\"Organization\",\"@id\":\"https:\/\/alass.lu\/#organization\",\"name\":\"A lass\",\"url\":\"https:\/\/alass.lu\/\",\"logo\":{\"@type\":\"ImageObject\",\"inLanguage\":\"fr-FR\",\"@id\":\"https:\/\/alass.lu\/#\/schema\/logo\/image\/\",\"url\":\"https:\/\/alass.lu\/wp-content\/uploads\/2025\/09\/Logo-1.png\",\"contentUrl\":\"https:\/\/alass.lu\/wp-content\/uploads\/2025\/09\/Logo-1.png\",\"width\":400,\"height\":100,\"caption\":\"A lass\"},\"image\":{\"@id\":\"https:\/\/alass.lu\/#\/schema\/logo\/image\/\"}}]}<\/script>\n<!-- \/ Yoast SEO plugin. -->","yoast_head_json":{"title":"D\u00e9claration sur l'accessibilit\u00e9 - A lass","robots":{"index":"index","follow":"follow","max-snippet":"max-snippet:-1","max-image-preview":"max-image-preview:large","max-video-preview":"max-video-preview:-1"},"canonical":"https:\/\/alass.lu\/fr\/declaration-sur-laccessibilite\/","og_locale":"fr_FR","og_type":"article","og_title":"D\u00e9claration sur l'accessibilit\u00e9 - A lass","og_description":"D\u00e9claration sur l&#8217;accessibilit\u00e9 L&#8217;organisme d\u00e9clarant &#8220;Zentrum fir politesch Bildung&#8221; s&#8217;engage \u00e0 rendre son site internet accessible, conform\u00e9ment \u00e0 la loi du 28 mai 2019 relative \u00e0 l\u2019accessibilit\u00e9 des sites internet et des applications mobiles des organismes du secteur public. La pr\u00e9sente d\u00e9claration sur l&#8217;accessibilit\u00e9 s&#8217;applique \u00e0 : https:\/\/alass.lu\/ Qu\u2019est-ce que l\u2019accessibilit\u00e9 num\u00e9rique ? Chacun doit [&hellip;]","og_url":"https:\/\/alass.lu\/fr\/declaration-sur-laccessibilite\/","og_site_name":"A lass","article_modified_time":"2025-12-15T10:37:11+00:00","twitter_card":"summary_large_image","twitter_misc":{"Est. reading time":"4 minutes"},"schema":{"@context":"https:\/\/schema.org","@graph":[{"@type":"WebPage","@id":"https:\/\/alass.lu\/fr\/declaration-sur-laccessibilite\/","url":"https:\/\/alass.lu\/fr\/declaration-sur-laccessibilite\/","name":"D\u00e9claration sur l'accessibilit\u00e9 - A lass","isPartOf":{"@id":"https:\/\/alass.lu\/#website"},"datePublished":"2025-12-15T10:32:18+00:00","dateModified":"2025-12-15T10:37:11+00:00","breadcrumb":{"@id":"https:\/\/alass.lu\/fr\/declaration-sur-laccessibilite\/#breadcrumb"},"inLanguage":"fr-FR","potentialAction":[{"@type":"ReadAction","target":["https:\/\/alass.lu\/fr\/declaration-sur-laccessibilite\/"]}]},{"@type":"BreadcrumbList","@id":"https:\/\/alass.lu\/fr\/declaration-sur-laccessibilite\/#breadcrumb","itemListElement":[{"@type":"ListItem","position":1,"name":"Home","item":"https:\/\/alass.lu\/fr\/"},{"@type":"ListItem","position":2,"name":"D\u00e9claration sur l&#8217;accessibilit\u00e9"}]},{"@type":"WebSite","@id":"https:\/\/alass.lu\/#website","url":"https:\/\/alass.lu\/","name":"A lass","description":"Kinder- und Jugendpartizipation in der Gemeinde","publisher":{"@id":"https:\/\/alass.lu\/#organization"},"potentialAction":[{"@type":"SearchAction","target":{"@type":"EntryPoint","urlTemplate":"https:\/\/alass.lu\/?s={search_term_string}"},"query-input":{"@type":"PropertyValueSpecification","valueRequired":true,"valueName":"search_term_string"}}],"inLanguage":"fr-FR"},{"@type":"Organization","@id":"https:\/\/alass.lu\/#organization","name":"A lass","url":"https:\/\/alass.lu\/","logo":{"@type":"ImageObject","inLanguage":"fr-FR","@id":"https:\/\/alass.lu\/#\/schema\/logo\/image\/","url":"https:\/\/alass.lu\/wp-content\/uploads\/2025\/09\/Logo-1.png","contentUrl":"https:\/\/alass.lu\/wp-content\/uploads\/2025\/09\/Logo-1.png","width":400,"height":100,"caption":"A lass"},"image":{"@id":"https:\/\/alass.lu\/#\/schema\/logo\/image\/"}}]}},"_links":{"self":[{"href":"https:\/\/alass.lu\/fr\/wp-json\/wp\/v2\/pages\/1939","targetHints":{"allow":["GET"]}}],"collection":[{"href":"https:\/\/alass.lu\/fr\/wp-json\/wp\/v2\/pages"}],"about":[{"href":"https:\/\/alass.lu\/fr\/wp-json\/wp\/v2\/types\/page"}],"author":[{"embeddable":true,"href":"https:\/\/alass.lu\/fr\/wp-json\/wp\/v2\/users\/1"}],"replies":[{"embeddable":true,"href":"https:\/\/alass.lu\/fr\/wp-json\/wp\/v2\/comments?post=1939"}],"version-history":[{"count":2,"href":"https:\/\/alass.lu\/fr\/wp-json\/wp\/v2\/pages\/1939\/revisions"}],"predecessor-version":[{"id":1945,"href":"https:\/\/alass.lu\/fr\/wp-json\/wp\/v2\/pages\/1939\/revisions\/1945"}],"wp:attachment":[{"href":"https:\/\/alass.lu\/fr\/wp-json\/wp\/v2\/media?parent=1939"}],"curies":[{"name":"wp","href":"https:\/\/api.w.org\/{rel}","templated":true}]}}