{"id":1811,"date":"2025-07-01T07:52:03","date_gmt":"2025-07-01T07:52:03","guid":{"rendered":"https:\/\/alass.101.lu\/?page_id=1811"},"modified":"2025-11-19T12:06:15","modified_gmt":"2025-11-19T12:06:15","slug":"accessibilite","status":"publish","type":"page","link":"https:\/\/alass.lu\/fr\/accessibilite\/","title":{"rendered":"Accessibilit\u00e9"},"content":{"rendered":"<p>Ce site fait actuellement l&#8217;objet d&#8217;un contr\u00f4le d&#8217;accessibilit\u00e9. Une \u00e9valuation compl\u00e8te sera bient\u00f4t disponible afin de confirmer la conformit\u00e9 du site aux normes d&#8217;accessibilit\u00e9 num\u00e9rique.<\/p>\n<p>Nous vous remercions de votre compr\u00e9hension. Si vous rencontrez des probl\u00e8mes d&#8217;accessibilit\u00e9 dans l&#8217;intervalle, n&#8217;h\u00e9sitez pas \u00e0 nous contacter afin que nous puissions vous aider.<\/p>\n","protected":false},"excerpt":{"rendered":"<p>Ce site fait actuellement l&#8217;objet d&#8217;un contr\u00f4le d&#8217;accessibilit\u00e9. Une \u00e9valuation compl\u00e8te sera bient\u00f4t disponible afin de confirmer la conformit\u00e9 du site aux normes d&#8217;accessibilit\u00e9 num\u00e9rique. Nous vous remercions de votre compr\u00e9hension. Si vous rencontrez des probl\u00e8mes d&#8217;accessibilit\u00e9 dans l&#8217;intervalle, n&#8217;h\u00e9sitez pas \u00e0 nous contacter afin que nous puissions vous aider.<\/p>\n","protected":false},"author":1,"featured_media":0,"parent":0,"menu_order":0,"comment_status":"closed","ping_status":"closed","template":"","meta":{"footnotes":""},"class_list":["post-1811","page","type-page","status-publish","hentry"],"acf":[],"yoast_head":"<!-- This site is optimized with the Yoast SEO plugin v26.1.1 - https:\/\/yoast.com\/wordpress\/plugins\/seo\/ -->\n<title>Accessibilit\u00e9 - A lass<\/title>\n<meta name=\"robots\" content=\"index, follow, max-snippet:-1, max-image-preview:large, max-video-preview:-1\" \/>\n<link rel=\"canonical\" href=\"https:\/\/alass.lu\/fr\/accessibilite\/\" \/>\n<meta property=\"og:locale\" content=\"fr_FR\" \/>\n<meta property=\"og:type\" content=\"article\" \/>\n<meta property=\"og:title\" content=\"Accessibilit\u00e9 - A lass\" \/>\n<meta property=\"og:description\" content=\"Ce site fait actuellement l&#8217;objet d&#8217;un contr\u00f4le d&#8217;accessibilit\u00e9. Une \u00e9valuation compl\u00e8te sera bient\u00f4t disponible afin de confirmer la conformit\u00e9 du site aux normes d&#8217;accessibilit\u00e9 num\u00e9rique. Nous vous remercions de votre compr\u00e9hension. Si vous rencontrez des probl\u00e8mes d&#8217;accessibilit\u00e9 dans l&#8217;intervalle, n&#8217;h\u00e9sitez pas \u00e0 nous contacter afin que nous puissions vous aider.\" \/>\n<meta property=\"og:url\" content=\"https:\/\/alass.lu\/fr\/accessibilite\/\" \/>\n<meta property=\"og:site_name\" content=\"A lass\" \/>\n<meta property=\"article:modified_time\" content=\"2025-11-19T12:06:15+00:00\" \/>\n<meta name=\"twitter:card\" content=\"summary_large_image\" \/>\n<meta name=\"twitter:label1\" content=\"Est. reading time\" \/>\n\t<meta name=\"twitter:data1\" content=\"1 minute\" \/>\n<script type=\"application\/ld+json\" class=\"yoast-schema-graph\">{\"@context\":\"https:\/\/schema.org\",\"@graph\":[{\"@type\":\"WebPage\",\"@id\":\"https:\/\/alass.lu\/fr\/accessibilite\/\",\"url\":\"https:\/\/alass.lu\/fr\/accessibilite\/\",\"name\":\"Accessibilit\u00e9 - A lass\",\"isPartOf\":{\"@id\":\"https:\/\/alass.lu\/#website\"},\"datePublished\":\"2025-07-01T07:52:03+00:00\",\"dateModified\":\"2025-11-19T12:06:15+00:00\",\"breadcrumb\":{\"@id\":\"https:\/\/alass.lu\/fr\/accessibilite\/#breadcrumb\"},\"inLanguage\":\"fr-FR\",\"potentialAction\":[{\"@type\":\"ReadAction\",\"target\":[\"https:\/\/alass.lu\/fr\/accessibilite\/\"]}]},{\"@type\":\"BreadcrumbList\",\"@id\":\"https:\/\/alass.lu\/fr\/accessibilite\/#breadcrumb\",\"itemListElement\":[{\"@type\":\"ListItem\",\"position\":1,\"name\":\"Home\",\"item\":\"https:\/\/alass.lu\/fr\/\"},{\"@type\":\"ListItem\",\"position\":2,\"name\":\"Accessibilit\u00e9\"}]},{\"@type\":\"WebSite\",\"@id\":\"https:\/\/alass.lu\/#website\",\"url\":\"https:\/\/alass.lu\/\",\"name\":\"A lass\",\"description\":\"Kinder- und Jugendpartizipation in der Gemeinde\",\"publisher\":{\"@id\":\"https:\/\/alass.lu\/#organization\"},\"potentialAction\":[{\"@type\":\"SearchAction\",\"target\":{\"@type\":\"EntryPoint\",\"urlTemplate\":\"https:\/\/alass.lu\/?s={search_term_string}\"},\"query-input\":{\"@type\":\"PropertyValueSpecification\",\"valueRequired\":true,\"valueName\":\"search_term_string\"}}],\"inLanguage\":\"fr-FR\"},{\"@type\":\"Organization\",\"@id\":\"https:\/\/alass.lu\/#organization\",\"name\":\"A lass\",\"url\":\"https:\/\/alass.lu\/\",\"logo\":{\"@type\":\"ImageObject\",\"inLanguage\":\"fr-FR\",\"@id\":\"https:\/\/alass.lu\/#\/schema\/logo\/image\/\",\"url\":\"https:\/\/alass.lu\/wp-content\/uploads\/2025\/09\/Logo-1.png\",\"contentUrl\":\"https:\/\/alass.lu\/wp-content\/uploads\/2025\/09\/Logo-1.png\",\"width\":400,\"height\":100,\"caption\":\"A lass\"},\"image\":{\"@id\":\"https:\/\/alass.lu\/#\/schema\/logo\/image\/\"}}]}<\/script>\n<!-- \/ Yoast SEO plugin. -->","yoast_head_json":{"title":"Accessibilit\u00e9 - A lass","robots":{"index":"index","follow":"follow","max-snippet":"max-snippet:-1","max-image-preview":"max-image-preview:large","max-video-preview":"max-video-preview:-1"},"canonical":"https:\/\/alass.lu\/fr\/accessibilite\/","og_locale":"fr_FR","og_type":"article","og_title":"Accessibilit\u00e9 - A lass","og_description":"Ce site fait actuellement l&#8217;objet d&#8217;un contr\u00f4le d&#8217;accessibilit\u00e9. Une \u00e9valuation compl\u00e8te sera bient\u00f4t disponible afin de confirmer la conformit\u00e9 du site aux normes d&#8217;accessibilit\u00e9 num\u00e9rique. Nous vous remercions de votre compr\u00e9hension. Si vous rencontrez des probl\u00e8mes d&#8217;accessibilit\u00e9 dans l&#8217;intervalle, n&#8217;h\u00e9sitez pas \u00e0 nous contacter afin que nous puissions vous aider.","og_url":"https:\/\/alass.lu\/fr\/accessibilite\/","og_site_name":"A lass","article_modified_time":"2025-11-19T12:06:15+00:00","twitter_card":"summary_large_image","twitter_misc":{"Est. reading time":"1 minute"},"schema":{"@context":"https:\/\/schema.org","@graph":[{"@type":"WebPage","@id":"https:\/\/alass.lu\/fr\/accessibilite\/","url":"https:\/\/alass.lu\/fr\/accessibilite\/","name":"Accessibilit\u00e9 - A lass","isPartOf":{"@id":"https:\/\/alass.lu\/#website"},"datePublished":"2025-07-01T07:52:03+00:00","dateModified":"2025-11-19T12:06:15+00:00","breadcrumb":{"@id":"https:\/\/alass.lu\/fr\/accessibilite\/#breadcrumb"},"inLanguage":"fr-FR","potentialAction":[{"@type":"ReadAction","target":["https:\/\/alass.lu\/fr\/accessibilite\/"]}]},{"@type":"BreadcrumbList","@id":"https:\/\/alass.lu\/fr\/accessibilite\/#breadcrumb","itemListElement":[{"@type":"ListItem","position":1,"name":"Home","item":"https:\/\/alass.lu\/fr\/"},{"@type":"ListItem","position":2,"name":"Accessibilit\u00e9"}]},{"@type":"WebSite","@id":"https:\/\/alass.lu\/#website","url":"https:\/\/alass.lu\/","name":"A lass","description":"Kinder- und Jugendpartizipation in der Gemeinde","publisher":{"@id":"https:\/\/alass.lu\/#organization"},"potentialAction":[{"@type":"SearchAction","target":{"@type":"EntryPoint","urlTemplate":"https:\/\/alass.lu\/?s={search_term_string}"},"query-input":{"@type":"PropertyValueSpecification","valueRequired":true,"valueName":"search_term_string"}}],"inLanguage":"fr-FR"},{"@type":"Organization","@id":"https:\/\/alass.lu\/#organization","name":"A lass","url":"https:\/\/alass.lu\/","logo":{"@type":"ImageObject","inLanguage":"fr-FR","@id":"https:\/\/alass.lu\/#\/schema\/logo\/image\/","url":"https:\/\/alass.lu\/wp-content\/uploads\/2025\/09\/Logo-1.png","contentUrl":"https:\/\/alass.lu\/wp-content\/uploads\/2025\/09\/Logo-1.png","width":400,"height":100,"caption":"A lass"},"image":{"@id":"https:\/\/alass.lu\/#\/schema\/logo\/image\/"}}]}},"_links":{"self":[{"href":"https:\/\/alass.lu\/fr\/wp-json\/wp\/v2\/pages\/1811","targetHints":{"allow":["GET"]}}],"collection":[{"href":"https:\/\/alass.lu\/fr\/wp-json\/wp\/v2\/pages"}],"about":[{"href":"https:\/\/alass.lu\/fr\/wp-json\/wp\/v2\/types\/page"}],"author":[{"embeddable":true,"href":"https:\/\/alass.lu\/fr\/wp-json\/wp\/v2\/users\/1"}],"replies":[{"embeddable":true,"href":"https:\/\/alass.lu\/fr\/wp-json\/wp\/v2\/comments?post=1811"}],"version-history":[{"count":2,"href":"https:\/\/alass.lu\/fr\/wp-json\/wp\/v2\/pages\/1811\/revisions"}],"predecessor-version":[{"id":1814,"href":"https:\/\/alass.lu\/fr\/wp-json\/wp\/v2\/pages\/1811\/revisions\/1814"}],"wp:attachment":[{"href":"https:\/\/alass.lu\/fr\/wp-json\/wp\/v2\/media?parent=1811"}],"curies":[{"name":"wp","href":"https:\/\/api.w.org\/{rel}","templated":true}]}}