{"id":1796,"date":"2025-07-29T06:44:04","date_gmt":"2025-07-29T06:44:04","guid":{"rendered":"https:\/\/alass.101.lu\/impressum\/"},"modified":"2025-11-19T10:31:54","modified_gmt":"2025-11-19T10:31:54","slug":"impressum","status":"publish","type":"page","link":"https:\/\/alass.lu\/fr\/impressum\/","title":{"rendered":"Mentions l\u00e9gales"},"content":{"rendered":"<section class=\"elementor-section elementor-top-section elementor-element elementor-element-0aa3ecb elementor-section-boxed elementor-section-height-default elementor-section-height-default exad-parallax-effect-no exad-background-color-change-no exad-sticky-section-This extention does not work in Editor page. exad-particles-section animated fadeInDown\" data-exad-particle-enable=\"false\" data-id=\"0aa3ecb\" data-element_type=\"section\" data-settings=\"{&quot;animation&quot;:&quot;fadeInDown&quot;,&quot;animation_delay&quot;:500}\">\n<div class=\"elementor-container elementor-column-gap-default\">\n<div class=\"elementor-row\">\n<div class=\"elementor-column elementor-col-50 elementor-top-column elementor-element elementor-element-95d431c exad-sticky-section-This extention does not work in Editor page.\" data-id=\"95d431c\" data-element_type=\"column\">\n<div class=\"elementor-column-wrap elementor-element-populated\">\n<div class=\"elementor-widget-wrap\">\n<div class=\"elementor-element elementor-element-af2cb14 exad-sticky-section-This extention does not work in Editor page. elementor-widget elementor-widget-text-editor animated fadeInRight\" data-id=\"af2cb14\" data-element_type=\"widget\" data-settings=\"{&quot;_animation&quot;:&quot;fadeInRight&quot;,&quot;_animation_delay&quot;:500}\" data-widget_type=\"text-editor.default\">\n<div class=\"elementor-widget-container\">\n<div class=\"elementor-text-editor elementor-clearfix\">\n<div>\n<div class=\"innertext text-[1em]\">\n<p><strong>Zentrum fir politesch Bildung<\/strong><br \/>\n138, Boulevard de la P\u00e9trusse<br \/>\nL-2330 Luxembourg<br \/>\nE: info@zpb.lu<br \/>\nT: (+352) 247 75272<\/p>\n<p>Le ZpB est une fondation sans but lucratif (RCS G236) r\u00e9gie par la \u00ab\u00a0<em>Loi du 7 ao\u00fbt 2023 sur les associations sans but lucratif et les fondations\u00a0<\/em>\u00bb. Pour toute question relative \u00e0 ce site web et son contenu ou pour contacter le ZpB, vous pouvez nous contacter par les moyens mentionn\u00e9s ci-dessus.<\/p>\n<p><strong>Programmation et Design:\u00a0\u00a0<\/strong><\/p>\n<p><a href=\"https:\/\/101.lu\">101.lu<\/a><\/p>\n<p><strong>R\u00e9daction:<\/strong><\/p>\n<\/div>\n<p><span data-contrast=\"auto\"><a href=\"https:\/\/cooperations.lu\/\">Jugendbureau<\/a>, <a href=\"https:\/\/www.plomm.lu\/\">Plomm Kannermus\u00e9e<\/a>, <a href=\"https:\/\/zpb.lu\/\">Zentrum fir politesch Bildung (ZpB)<\/a>.<\/span><\/p>\n<\/div>\n<\/div>\n<p>&nbsp;<\/p>\n<p>Le contenu de ce site web est prot\u00e9g\u00e9 par le droit d&#8217;auteur.<\/p>\n<div class=\"elementor-text-editor elementor-clearfix\">\n<div>\n<div class=\"innertext text-[1em]\"><\/div>\n<\/div>\n<\/div>\n<\/div>\n<\/div>\n<\/div>\n<\/div>\n<\/div>\n<\/div>\n<\/div>\n<\/section>\n","protected":false},"excerpt":{"rendered":"<p>Zentrum fir politesch Bildung 138, Boulevard de la P\u00e9trusse L-2330 Luxembourg E: info@zpb.lu T: (+352) 247 75272 Le ZpB est une fondation sans but lucratif (RCS G236) r\u00e9gie par la \u00ab\u00a0Loi du 7 ao\u00fbt 2023 sur les associations sans but lucratif et les fondations\u00a0\u00bb. Pour toute question relative \u00e0 ce site web et son contenu [&hellip;]<\/p>\n","protected":false},"author":1,"featured_media":0,"parent":0,"menu_order":0,"comment_status":"closed","ping_status":"closed","template":"","meta":{"footnotes":""},"class_list":["post-1796","page","type-page","status-publish","hentry"],"acf":[],"yoast_head":"<!-- This site is optimized with the Yoast SEO plugin v26.1.1 - https:\/\/yoast.com\/wordpress\/plugins\/seo\/ -->\n<title>Mentions l\u00e9gales - A lass<\/title>\n<meta name=\"robots\" content=\"index, follow, max-snippet:-1, max-image-preview:large, max-video-preview:-1\" \/>\n<link rel=\"canonical\" href=\"https:\/\/alass.lu\/fr\/impressum\/\" \/>\n<meta property=\"og:locale\" content=\"fr_FR\" \/>\n<meta property=\"og:type\" content=\"article\" \/>\n<meta property=\"og:title\" content=\"Mentions l\u00e9gales - A lass\" \/>\n<meta property=\"og:description\" content=\"Zentrum fir politesch Bildung 138, Boulevard de la P\u00e9trusse L-2330 Luxembourg E: info@zpb.lu T: (+352) 247 75272 Le ZpB est une fondation sans but lucratif (RCS G236) r\u00e9gie par la \u00ab\u00a0Loi du 7 ao\u00fbt 2023 sur les associations sans but lucratif et les fondations\u00a0\u00bb. Pour toute question relative \u00e0 ce site web et son contenu [&hellip;]\" \/>\n<meta property=\"og:url\" content=\"https:\/\/alass.lu\/fr\/impressum\/\" \/>\n<meta property=\"og:site_name\" content=\"A lass\" \/>\n<meta property=\"article:modified_time\" content=\"2025-11-19T10:31:54+00:00\" \/>\n<meta name=\"twitter:card\" content=\"summary_large_image\" \/>\n<meta name=\"twitter:label1\" content=\"Est. reading time\" \/>\n\t<meta name=\"twitter:data1\" content=\"1 minute\" \/>\n<script type=\"application\/ld+json\" class=\"yoast-schema-graph\">{\"@context\":\"https:\/\/schema.org\",\"@graph\":[{\"@type\":\"WebPage\",\"@id\":\"https:\/\/alass.lu\/fr\/impressum\/\",\"url\":\"https:\/\/alass.lu\/fr\/impressum\/\",\"name\":\"Mentions l\u00e9gales - A lass\",\"isPartOf\":{\"@id\":\"https:\/\/alass.lu\/#website\"},\"datePublished\":\"2025-07-29T06:44:04+00:00\",\"dateModified\":\"2025-11-19T10:31:54+00:00\",\"breadcrumb\":{\"@id\":\"https:\/\/alass.lu\/fr\/impressum\/#breadcrumb\"},\"inLanguage\":\"fr-FR\",\"potentialAction\":[{\"@type\":\"ReadAction\",\"target\":[\"https:\/\/alass.lu\/fr\/impressum\/\"]}]},{\"@type\":\"BreadcrumbList\",\"@id\":\"https:\/\/alass.lu\/fr\/impressum\/#breadcrumb\",\"itemListElement\":[{\"@type\":\"ListItem\",\"position\":1,\"name\":\"Home\",\"item\":\"https:\/\/alass.lu\/fr\/\"},{\"@type\":\"ListItem\",\"position\":2,\"name\":\"Mentions l\u00e9gales\"}]},{\"@type\":\"WebSite\",\"@id\":\"https:\/\/alass.lu\/#website\",\"url\":\"https:\/\/alass.lu\/\",\"name\":\"A lass\",\"description\":\"Kinder- und Jugendpartizipation in der Gemeinde\",\"publisher\":{\"@id\":\"https:\/\/alass.lu\/#organization\"},\"potentialAction\":[{\"@type\":\"SearchAction\",\"target\":{\"@type\":\"EntryPoint\",\"urlTemplate\":\"https:\/\/alass.lu\/?s={search_term_string}\"},\"query-input\":{\"@type\":\"PropertyValueSpecification\",\"valueRequired\":true,\"valueName\":\"search_term_string\"}}],\"inLanguage\":\"fr-FR\"},{\"@type\":\"Organization\",\"@id\":\"https:\/\/alass.lu\/#organization\",\"name\":\"A lass\",\"url\":\"https:\/\/alass.lu\/\",\"logo\":{\"@type\":\"ImageObject\",\"inLanguage\":\"fr-FR\",\"@id\":\"https:\/\/alass.lu\/#\/schema\/logo\/image\/\",\"url\":\"https:\/\/alass.lu\/wp-content\/uploads\/2025\/09\/Logo-1.png\",\"contentUrl\":\"https:\/\/alass.lu\/wp-content\/uploads\/2025\/09\/Logo-1.png\",\"width\":400,\"height\":100,\"caption\":\"A lass\"},\"image\":{\"@id\":\"https:\/\/alass.lu\/#\/schema\/logo\/image\/\"}}]}<\/script>\n<!-- \/ Yoast SEO plugin. -->","yoast_head_json":{"title":"Mentions l\u00e9gales - A lass","robots":{"index":"index","follow":"follow","max-snippet":"max-snippet:-1","max-image-preview":"max-image-preview:large","max-video-preview":"max-video-preview:-1"},"canonical":"https:\/\/alass.lu\/fr\/impressum\/","og_locale":"fr_FR","og_type":"article","og_title":"Mentions l\u00e9gales - A lass","og_description":"Zentrum fir politesch Bildung 138, Boulevard de la P\u00e9trusse L-2330 Luxembourg E: info@zpb.lu T: (+352) 247 75272 Le ZpB est une fondation sans but lucratif (RCS G236) r\u00e9gie par la \u00ab\u00a0Loi du 7 ao\u00fbt 2023 sur les associations sans but lucratif et les fondations\u00a0\u00bb. Pour toute question relative \u00e0 ce site web et son contenu [&hellip;]","og_url":"https:\/\/alass.lu\/fr\/impressum\/","og_site_name":"A lass","article_modified_time":"2025-11-19T10:31:54+00:00","twitter_card":"summary_large_image","twitter_misc":{"Est. reading time":"1 minute"},"schema":{"@context":"https:\/\/schema.org","@graph":[{"@type":"WebPage","@id":"https:\/\/alass.lu\/fr\/impressum\/","url":"https:\/\/alass.lu\/fr\/impressum\/","name":"Mentions l\u00e9gales - A lass","isPartOf":{"@id":"https:\/\/alass.lu\/#website"},"datePublished":"2025-07-29T06:44:04+00:00","dateModified":"2025-11-19T10:31:54+00:00","breadcrumb":{"@id":"https:\/\/alass.lu\/fr\/impressum\/#breadcrumb"},"inLanguage":"fr-FR","potentialAction":[{"@type":"ReadAction","target":["https:\/\/alass.lu\/fr\/impressum\/"]}]},{"@type":"BreadcrumbList","@id":"https:\/\/alass.lu\/fr\/impressum\/#breadcrumb","itemListElement":[{"@type":"ListItem","position":1,"name":"Home","item":"https:\/\/alass.lu\/fr\/"},{"@type":"ListItem","position":2,"name":"Mentions l\u00e9gales"}]},{"@type":"WebSite","@id":"https:\/\/alass.lu\/#website","url":"https:\/\/alass.lu\/","name":"A lass","description":"Kinder- und Jugendpartizipation in der Gemeinde","publisher":{"@id":"https:\/\/alass.lu\/#organization"},"potentialAction":[{"@type":"SearchAction","target":{"@type":"EntryPoint","urlTemplate":"https:\/\/alass.lu\/?s={search_term_string}"},"query-input":{"@type":"PropertyValueSpecification","valueRequired":true,"valueName":"search_term_string"}}],"inLanguage":"fr-FR"},{"@type":"Organization","@id":"https:\/\/alass.lu\/#organization","name":"A lass","url":"https:\/\/alass.lu\/","logo":{"@type":"ImageObject","inLanguage":"fr-FR","@id":"https:\/\/alass.lu\/#\/schema\/logo\/image\/","url":"https:\/\/alass.lu\/wp-content\/uploads\/2025\/09\/Logo-1.png","contentUrl":"https:\/\/alass.lu\/wp-content\/uploads\/2025\/09\/Logo-1.png","width":400,"height":100,"caption":"A lass"},"image":{"@id":"https:\/\/alass.lu\/#\/schema\/logo\/image\/"}}]}},"_links":{"self":[{"href":"https:\/\/alass.lu\/fr\/wp-json\/wp\/v2\/pages\/1796","targetHints":{"allow":["GET"]}}],"collection":[{"href":"https:\/\/alass.lu\/fr\/wp-json\/wp\/v2\/pages"}],"about":[{"href":"https:\/\/alass.lu\/fr\/wp-json\/wp\/v2\/types\/page"}],"author":[{"embeddable":true,"href":"https:\/\/alass.lu\/fr\/wp-json\/wp\/v2\/users\/1"}],"replies":[{"embeddable":true,"href":"https:\/\/alass.lu\/fr\/wp-json\/wp\/v2\/comments?post=1796"}],"version-history":[{"count":3,"href":"https:\/\/alass.lu\/fr\/wp-json\/wp\/v2\/pages\/1796\/revisions"}],"predecessor-version":[{"id":1801,"href":"https:\/\/alass.lu\/fr\/wp-json\/wp\/v2\/pages\/1796\/revisions\/1801"}],"wp:attachment":[{"href":"https:\/\/alass.lu\/fr\/wp-json\/wp\/v2\/media?parent=1796"}],"curies":[{"name":"wp","href":"https:\/\/api.w.org\/{rel}","templated":true}]}}